{"id":33,"date":"2024-10-17T08:36:12","date_gmt":"2024-10-17T08:36:12","guid":{"rendered":"https:\/\/enerjiveguvenlik.com\/?page_id=33"},"modified":"2024-10-17T08:36:12","modified_gmt":"2024-10-17T08:36:12","slug":"guvenlik","status":"publish","type":"page","link":"https:\/\/enerjiveguvenlik.com\/?page_id=33","title":{"rendered":"G\u00fcvenlik!"},"content":{"rendered":"\n<p><strong><em>www.enerjiveguvenlik.com \/ G<\/em>\u00fcvenlik B\u00f6l\u00fcm\u00fc<\/strong><\/p>\n\n\n\n<p><em>Tan\u0131mlar<\/em><\/p>\n\n\n\n<p><strong><em>G\u00fcvenlik (G\u00fcvenlik Nedir) :<\/em><\/strong><\/p>\n\n\n\n<p>\u0130nternette ve Yaz\u0131l\u0131 Kaynaklarda birka\u00e7 dok\u00fcman ara\u015ft\u0131rd\u0131ktan sonra \u201c<em>G\u00fcvenlik Nedir<\/em>\u201d ve\/veya \u201c<em>G\u00fcvenli\u011fin Tan\u0131m\u0131<\/em>\u201d hakk\u0131nda bilgi sahibi olabilir ve nispeten bir tan\u0131mlama yapabilirsiniz Gelin mevcut bu tan\u0131mlamalardan birka\u00e7\u0131na bakal\u0131m:<\/p>\n\n\n\n<p>Wikipedia kayna\u011f\u0131na g\u00f6re<br><a href=\"https:\/\/tr.wikipedia.org\/wiki\/G%C3%BCvenlik\" target=\"_blank\" rel=\"noreferrer noopener\"><em>(Wikipedia linkine gitmek i\u00e7in t\u0131klay\u0131n\u0131z!)<\/em><\/a><\/p>\n\n\n\n<p>\u201c<em>G\u00fcvenlik ;<\/em>&nbsp;toplum ya\u015fam\u0131nda yasal d\u00fczenin aksamadan y\u00fcr\u00fct\u00fclmesi, ki\u015filerin korkusuzca ya\u015fayabilmesi durumudur\u201d der ve kabaca G\u00fcvenlik T\u00fcrleri olarak \u015fu ba\u015fl\u0131klar\u0131 verir:<\/p>\n\n\n\n<ul class=\"wp-block-list\">\n<li><em>Bilgi (\u0130stihbarat) g\u00fcvenli\u011fi<\/em><\/li>\n\n\n\n<li><em>Bili\u015fim g\u00fcvenli\u011fi<\/em><\/li>\n\n\n\n<li><em>Fiziki g\u00fcvenlik<\/em><\/li>\n\n\n\n<li><em>G\u0131da g\u00fcvenli\u011fi ve<br>*\u0130\u015f g\u00fcvenli\u011fi (veya i\u015f\u00e7i g\u00fcvenli\u011fi) olarak tan\u0131mlarken<\/em><\/li>\n<\/ul>\n\n\n\n<p><em>T\u00fcrk Dil Kurumuna g\u00f6re<\/em><br><a href=\"http:\/\/www.tdk.gov.tr\/\" target=\"_blank\" rel=\"noreferrer noopener\">(<em>T\u00fcrk Dil Kurumu<\/em>&nbsp;linkine gitmek i\u00e7in t\u0131klay\u0131n\u0131z!)<\/a><\/p>\n\n\n\n<p>\u201c<em>G\u00fcvenlik:<\/em>&nbsp;Toplum ya\u015fam\u0131nda yasal d\u00fczenin aksamadan y\u00fcr\u00fct\u00fclmesi, ki\u015filerin korkusuzca ya\u015fayabilmesi durumu, emniyet\u201d olarak isim t\u00fcr\u00fcnden bir kelimedir demi\u015ftir.<br>Arama motorlar\u0131nda G\u00fcvenlik, G\u00fcvenlik Nedir?, G\u00fcvenlik tan\u0131m\u0131 \u015feklinde yap\u0131lan aramalarla ula\u015fabilece\u011finiz web sitelerinde de genellikle bu iki tan\u0131mla kar\u015f\u0131la\u015f\u0131rs\u0131n\u0131z\u2026<\/p>\n\n\n\n<p><br><strong><em>G\u00fcvenlik Ekibi Olarak Bizim Yorumumuz ise:<\/em><\/strong><\/p>\n\n\n\n<p>G\u00fcvenli\u011fin Bir olgu olarak De\u011ferlendirilmesi Gerekti\u011fidir. Basit bir yorumla G\u00fcvenlik G\u00fcven Kelimesinden T\u00fcremi\u015f olduk\u00e7a \u0130nsani bir tan\u0131md\u0131r, dolay\u0131s\u0131 ile G\u00fcvenlik olgusu ilk insan\u0131n var oldu\u011fu andan itibaren varolu\u015fun bir gereksinimi yani bir ihtiya\u00e7 olarak ortaya \u00e7\u0131km\u0131\u015f, olgunla\u015farak g\u00fcn\u00fcm\u00fcze kadar devam etmi\u015ftir.<\/p>\n\n\n\n<p><em>Psikolojide<\/em>&nbsp;insan\u0131n ya\u015fama i\u00e7 g\u00fcd\u00fcs\u00fcyle d\u00fcrt\u00fclenmi\u015f en temel ihtiya\u00e7lar\u0131ndan biri olarak \u201c<em>Kendini G\u00fcvende Hissetme \u0130ste\u011fi-\u0130\u00e7g\u00fcd\u00fcs\u00fc<\/em>\u201d olarakta de\u011ferlendirilebilir, g\u00fcvenlik ihtiyac\u0131 kar\u015f\u0131lanmayan hi\u00e7bir insan bir \u00fcst basama\u011fa ge\u00e7emez, ki\u015fisel huzurunu sa\u011flayamaz, sosyalle\u015femez ve ki\u015fisel geli\u015fimini tamamlayamaz.Temel olarak yeni do\u011fmu\u015f bir bebek ilk nefes ald\u0131\u011f\u0131 andan hatta anne karn\u0131ndaki anlardan ba\u015flayarak i\u00e7g\u00fcd\u00fcsel olarak g\u00fcven duygusunu \u00f6\u011frenir; anne ve babas\u0131 yan\u0131ndayken kendisini g\u00fcvende hisseder, ancak tam olarak g\u00fcvenli\u011fini kendisi sa\u011flayamaz.<\/p>\n\n\n\n<p>Herkes i\u00e7in g\u00fcvenlik anlay\u0131\u015f\u0131 ve pek tabi ki\u015fisel tan\u0131m\u0131 farkl\u0131 anlamlara gelsede temelde: \u201c<em>\u0130nsan\u0131n huzur i\u00e7inde hayat\u0131n\u0131 s\u00fcrd\u00fcrebilmesi i\u00e7in tehlike olarak kabul g\u00f6rd\u00fc\u011f\u00fc hususlar\u0131 bertaraf etmek yada azaltmak veya kontrol alt\u0131nda tutmak amac\u0131yla uygulad\u0131\u011f\u0131 t\u00fcm d\u00fc\u015f\u00fcnce, hal ve hareket tarzlar\u0131ndan olu\u015fan karma\u015f\u0131k bir olgudur<\/em>.\u201d diyebiliriz\u2026 Tan\u0131m\u0131 ne kadar karma\u015f\u0131k ve ki\u015fisel olarak insanlara g\u00f6re de\u011fi\u015fen bir olgu olsada ama\u00e7 olarak insan\u0131n kendini G\u00fcvende Hissetme \u0130\u00e7g\u00fcd\u00fcs\u00fcne hizmet eder.<br>Bireyler, aileler, k\u00fc\u00e7\u00fck-b\u00fcy\u00fck topluluklar, \u015firketler, devletler, uluslar k\u0131sacas\u0131 insan bazl\u0131 her bir olu\u015fum, kendi g\u00fcvenli\u011fini sa\u011flamak i\u00e7in bir g\u00fcvenik mekanizmas\u0131-olgusu olu\u015fturur ve ya\u015fat\u0131r.<\/p>\n\n\n\n<p>Bireyler, aileler, topluluklar kendilerini korumak i\u00e7in baz\u0131 kurallar ve tedbirler silsilesi uygularlar. \u015eirketler, devletler ve uluslar yani t\u00fczel ki\u015fili\u011fe sahip kurulu\u015flarda t\u0131pk\u0131 birey yada topluluklar gibi bu g\u00fcvenlik olgusu ile bir tak\u0131m kurallar belirleyerek bunlarla kanunlar veya y\u00f6netmelikler olu\u015fturur ve bunu devam ettirebilmek ad\u0131na kalite ve kontrol mekanizmalar\u0131 kurar ve i\u015fletirler.<\/p>\n\n\n\n<p>T\u00fcm Bu tan\u0131mlamalardan sonra g\u00fcveli\u011fin bir olgu olarak kurulup i\u015fletilmesi ve devaml\u0131 geli\u015ftirilmesi gerekti\u011fini anl\u0131yoruz, bunun i\u00e7in kar\u015f\u0131m\u0131za bir kavram daha \u00e7\u0131k\u0131yor oda \u201d&nbsp;<em>Tehdit<\/em>! \u201c<\/p>\n\n\n\n<p><em>Tehdit&nbsp;<\/em>kavram\u0131 G\u00fcvenli\u011fin kar\u015f\u0131t\u0131 olarak zamana ortama ve ki\u015fiye ba\u011fl\u0131 olarak k\u0131sacas\u0131 insana ba\u011fl\u0131 olarak ortaya \u00e7\u0131kan bir de\u011fi\u015fkendir. Nitekim k\u00fc\u00e7\u00fck bir \u00e7ocuk i\u00e7in yabanc\u0131lar tehdit; anne ve baban\u0131n varl\u0131\u011f\u0131 bu tehdite kar\u015f\u0131 bir \u00e7\u00f6z\u00fcm iken, ayn\u0131 bireyin ya\u015fam\u0131n\u0131n di\u011fer safhalar\u0131nda \u00e7ocukluk, gen\u00e7lik ve daha olgun zamanlar\u0131nda tespit etti\u011fi tehditlere kar\u015f\u0131 geli\u015ftirdi\u011fi g\u00fcvenlik tedbirleri veya g\u00fcvenlik mekanizmalar\u0131 da de\u011fi\u015fmektedir. T\u00fczel ki\u015fili\u011fe sahip \u015firket, devlet veya uluslarda kendi tehdit tespitlerine (tehdit odaklar\u0131na) g\u00f6re g\u00fcvenlik tedbirleri olu\u015fturur bunu bir mekanizma kurarak sistematik olarak i\u015fletirler.<\/p>\n\n\n\n<p>G\u00fcvenli\u011fin ihtiya\u00e7 olarak do\u011fmas\u0131n\u0131n temelinde nas\u0131l insan olgusu varsa G\u00fcvenli\u011fi ya\u015fayan bir olgu ve mekanizma olarak olu\u015fturman\u0131n merkezinde (<em>g\u00fcvenlik mekanizmas\u0131n\u0131n merkezinde)&nbsp;<\/em>yine<em>&nbsp;insan v<\/em>ard\u0131r.<\/p>\n\n\n\n<p><a href=\"http:\/\/www.enerjiveguvenlik.com\/\"><em>www.enerjiveguvenlik.com&nbsp;<\/em><\/a>ekibi G\u00fcvenlik B\u00f6l\u00fcm\u00fc olarak G\u00fcvenlik olgusunu geli\u015ftirmek, \u015fah\u0131slar\u0131n ve kurumlar\u0131n g\u00fcvenlik mekanizmalar\u0131n\u0131 sa\u011fl\u0131kl\u0131 bir \u015fekilde kurup i\u015fleterek devaml\u0131l\u0131\u011f\u0131n\u0131 sa\u011flamak, mevcut ve olas\u0131 tehditlerin tespitinde bulunarak bunlara \u00e7\u00f6z\u00fcmler \u00fcreterek ve\/veya \u00e7\u00f6z\u00fcm \u00fcretme s\u00fcre\u00e7lerinde onlara destek olamak amac\u0131yla ve tabi ki sizlerinde tecr\u00fcbelerini buradan payla\u015farak daha g\u00fcvenli bir toplum olu\u015fturmak i\u00e7in payla\u015f\u0131mlarda bulunuyoruz.<\/p>\n\n\n\n<p>Daha G\u00fcvenli Bir D\u00fcnya \u0130\u00e7in: Bizimle kal\u0131n, G\u00fcvende kal\u0131n\u2026<\/p>\n\n\n\n<p>www.enerjiveguvenlik.com \/ G\u00fcvenlik Ekibi\u2026<\/p>\n","protected":false},"excerpt":{"rendered":"<p>www.enerjiveguvenlik.com \/ G\u00fcvenlik B\u00f6l\u00fcm\u00fc Tan\u0131mlar G\u00fcvenlik (G\u00fcvenlik Nedir) : \u0130nternette ve Yaz\u0131l\u0131 Kaynaklarda birka\u00e7 dok\u00fcman ara\u015ft\u0131rd\u0131ktan sonra \u201cG\u00fcvenlik Nedir\u201d ve\/veya \u201cG\u00fcvenli\u011fin Tan\u0131m\u0131\u201d hakk\u0131nda bilgi sahibi olabilir ve nispeten bir tan\u0131mlama yapabilirsiniz Gelin mevcut bu tan\u0131mlamalardan birka\u00e7\u0131na bakal\u0131m: Wikipedia kayna\u011f\u0131na g\u00f6re(Wikipedia linkine gitmek i\u00e7in t\u0131klay\u0131n\u0131z!) \u201cG\u00fcvenlik ;&nbsp;toplum ya\u015fam\u0131nda yasal d\u00fczenin aksamadan y\u00fcr\u00fct\u00fclmesi, ki\u015filerin korkusuzca ya\u015fayabilmesi durumudur\u201d [&hellip;]<\/p>\n","protected":false},"author":1,"featured_media":0,"parent":0,"menu_order":0,"comment_status":"closed","ping_status":"closed","template":"","meta":{"footnotes":""},"class_list":["post-33","page","type-page","status-publish","hentry"],"_links":{"self":[{"href":"https:\/\/enerjiveguvenlik.com\/index.php?rest_route=\/wp\/v2\/pages\/33"}],"collection":[{"href":"https:\/\/enerjiveguvenlik.com\/index.php?rest_route=\/wp\/v2\/pages"}],"about":[{"href":"https:\/\/enerjiveguvenlik.com\/index.php?rest_route=\/wp\/v2\/types\/page"}],"author":[{"embeddable":true,"href":"https:\/\/enerjiveguvenlik.com\/index.php?rest_route=\/wp\/v2\/users\/1"}],"replies":[{"embeddable":true,"href":"https:\/\/enerjiveguvenlik.com\/index.php?rest_route=%2Fwp%2Fv2%2Fcomments&post=33"}],"version-history":[{"count":1,"href":"https:\/\/enerjiveguvenlik.com\/index.php?rest_route=\/wp\/v2\/pages\/33\/revisions"}],"predecessor-version":[{"id":34,"href":"https:\/\/enerjiveguvenlik.com\/index.php?rest_route=\/wp\/v2\/pages\/33\/revisions\/34"}],"wp:attachment":[{"href":"https:\/\/enerjiveguvenlik.com\/index.php?rest_route=%2Fwp%2Fv2%2Fmedia&parent=33"}],"curies":[{"name":"wp","href":"https:\/\/api.w.org\/{rel}","templated":true}]}}