{"id":25,"date":"2024-10-17T08:25:55","date_gmt":"2024-10-17T08:25:55","guid":{"rendered":"https:\/\/enerjiveguvenlik.com\/?page_id=25"},"modified":"2024-10-17T08:39:38","modified_gmt":"2024-10-17T08:39:38","slug":"hakkimizda","status":"publish","type":"page","link":"https:\/\/enerjiveguvenlik.com\/?page_id=25","title":{"rendered":"Hakk\u0131m\u0131zda"},"content":{"rendered":"\n<p class=\"has-body-text-color has-text-color has-link-color wp-elements-ca1be5c21684effe674303e0383e79be\">Hayat\u0131m\u0131z\u0131n her an\u0131n\u0131 daha enerjik ve g\u00fcvenli ya\u015famak i\u00e7in, hayat\u0131n\u0131z\u0131 \u201cbasit, sade ve g\u00fcvenli\u201d s\u00fcrd\u00fcrebilmek ad\u0131na olmazsa olmaz\u0131m\u0131z enerji ve g\u00fcvenlik alanlar\u0131nda payla\u015f\u0131mlarda bulunuyoruz\u2026<\/p>\n\n\n\n<p class=\"has-body-text-color has-text-color has-link-color wp-elements-80707b12a2092b1762815b0d54de0caf\">Bunu yaparken kendi \u00f6zg\u00fcn i\u00e7eriklerimizi \u00fcretmenin pe\u015fi s\u0131ra sizlere fayda sa\u011flayaca\u011f\u0131na inand\u0131\u011f\u0131m\u0131z her i\u00e7eri\u011fi, yine kaynaklar\u0131n\u0131 a\u00e7\u0131kca belirterek verilen eme\u011fe duyulan samimi sayg\u0131 ile buradan payla\u015fmaya devam edece\u011fiz\u2026.<\/p>\n\n\n\n<p class=\"has-body-text-color has-text-color has-link-color wp-elements-a8f7c40be958c2e227d15010fbb81760\">Enerji her anlamda \u00fcretiminden kullan\u0131m\u0131na kadar bir g\u00fcvenlik \u00e7emberinde ya\u015fam\u0131n\u0131 s\u00fcrd\u00fcrmektedir\u2026<\/p>\n\n\n\n<p class=\"has-body-text-color has-text-color has-link-color wp-elements-11496df9f9bc5b864092b74c555502b7\">Enerjinin insan ile etkile\u015fimi yine bir\u00e7ok g\u00fcvenlik mekanizmalar\u0131yla m\u00fcmk\u00fcnd\u00fcr\u2026<\/p>\n\n\n\n<p class=\"has-body-text-color has-text-color has-link-color wp-elements-3703196f911dccfaf1b62ef2e109619c\">Enerjinin \u00fcretimi, iletimi, da\u011f\u0131t\u0131m\u0131ndan ba\u015flayarak; fiziksel, mekanik, elektronik ve siber g\u00fcvenlik alan\u0131nda gelinen son noktaya kadar t\u00fcm payla\u015f\u0131mlar\u0131m\u0131z\u0131 buradan sizlerle payla\u015farak bilgi toplumunun bir par\u00e7as\u0131 olmak ad\u0131na \u00fczerimize d\u00fc\u015fen vazifeyi yerine getirmek ad\u0131na a\u00e7t\u0131\u011f\u0131m\u0131z bu platformda sizlerin de her zaman deste\u011finiz ihtiyac\u0131m\u0131z oldu\u011funun fark\u0131nday\u0131z\u2026<\/p>\n\n\n\n<p class=\"has-body-text-color has-text-color has-link-color wp-elements-7135f5c0cdc6efb4e461c35e7ad29959\">Gerek enerji, gerek g\u00fcvenlik ve\/veya her iki alanda bilgi birikim ve ilgi ile do\u011fan hevese sahip t\u00fcm kat\u0131l\u0131mc\u0131lar\u0131m\u0131z\u0131 da aram\u0131zda g\u00f6rmekten mutluluk duyaca\u011f\u0131m\u0131z\u0131 bir kez daha belirtmek isteriz\u2026<\/p>\n\n\n\n<p class=\"has-body-text-color has-text-color has-link-color wp-elements-6398bf37c34b60fd21dc1a37ea1a0602\">Sayg\u0131lar\u0131m\u0131zla\u2026.<\/p>\n\n\n\n<p class=\"has-body-text-color has-text-color has-link-color wp-elements-880a8ba81ae40368556d9cf0a31c62ea\">enerjiveguvenlik.com ekibi<\/p>\n\n\n\n<p class=\"has-body-text-color has-text-color has-link-color wp-elements-9b22a50a82d62213b1e43cfc418a7e9c\"><br>iletisim@enerjiveguvenlik.com<\/p>\n\n\n\n<p class=\"has-body-text-color has-text-color has-link-color wp-elements-155bf31f136971d074b28d508a803090\">enerjiveguvenlik@gmail.com<\/p>\n\n\n\n<p><\/p>\n","protected":false},"excerpt":{"rendered":"<p>Hayat\u0131m\u0131z\u0131n her an\u0131n\u0131 daha enerjik ve g\u00fcvenli ya\u015famak i\u00e7in, hayat\u0131n\u0131z\u0131 \u201cbasit, sade ve g\u00fcvenli\u201d s\u00fcrd\u00fcrebilmek ad\u0131na olmazsa olmaz\u0131m\u0131z enerji ve g\u00fcvenlik alanlar\u0131nda payla\u015f\u0131mlarda bulunuyoruz\u2026 Bunu yaparken kendi \u00f6zg\u00fcn i\u00e7eriklerimizi \u00fcretmenin pe\u015fi s\u0131ra sizlere fayda sa\u011flayaca\u011f\u0131na inand\u0131\u011f\u0131m\u0131z her i\u00e7eri\u011fi, yine kaynaklar\u0131n\u0131 a\u00e7\u0131kca belirterek verilen eme\u011fe duyulan samimi sayg\u0131 ile buradan payla\u015fmaya devam edece\u011fiz\u2026. Enerji her anlamda [&hellip;]<\/p>\n","protected":false},"author":1,"featured_media":0,"parent":0,"menu_order":0,"comment_status":"closed","ping_status":"closed","template":"","meta":{"footnotes":""},"class_list":["post-25","page","type-page","status-publish","hentry"],"_links":{"self":[{"href":"https:\/\/enerjiveguvenlik.com\/index.php?rest_route=\/wp\/v2\/pages\/25"}],"collection":[{"href":"https:\/\/enerjiveguvenlik.com\/index.php?rest_route=\/wp\/v2\/pages"}],"about":[{"href":"https:\/\/enerjiveguvenlik.com\/index.php?rest_route=\/wp\/v2\/types\/page"}],"author":[{"embeddable":true,"href":"https:\/\/enerjiveguvenlik.com\/index.php?rest_route=\/wp\/v2\/users\/1"}],"replies":[{"embeddable":true,"href":"https:\/\/enerjiveguvenlik.com\/index.php?rest_route=%2Fwp%2Fv2%2Fcomments&post=25"}],"version-history":[{"count":3,"href":"https:\/\/enerjiveguvenlik.com\/index.php?rest_route=\/wp\/v2\/pages\/25\/revisions"}],"predecessor-version":[{"id":38,"href":"https:\/\/enerjiveguvenlik.com\/index.php?rest_route=\/wp\/v2\/pages\/25\/revisions\/38"}],"wp:attachment":[{"href":"https:\/\/enerjiveguvenlik.com\/index.php?rest_route=%2Fwp%2Fv2%2Fmedia&parent=25"}],"curies":[{"name":"wp","href":"https:\/\/api.w.org\/{rel}","templated":true}]}}