{"id":22,"date":"2024-10-17T08:21:27","date_gmt":"2024-10-17T08:21:27","guid":{"rendered":"https:\/\/enerjiveguvenlik.com\/?page_id=22"},"modified":"2024-10-17T08:28:46","modified_gmt":"2024-10-17T08:28:46","slug":"sunus","status":"publish","type":"page","link":"https:\/\/enerjiveguvenlik.com\/?page_id=22","title":{"rendered":"ENERJ\u0130 ve G\u00dcVENL\u0130K"},"content":{"rendered":"\n<p><strong>www.enerjiveguvenlik.com Ekibi Olarak :<\/strong><\/p>\n\n\n\n<p>D\u00fcnyam\u0131zda h\u0131zla ya\u015fanan teknolojik geli\u015fmeler neticesinde enerji t\u00fcketimi de gittik\u00e7e artmaktad\u0131r. Biliyorsunuz ki bir \u00fclkenin geli\u015fmi\u015flik d\u00fczeyi, o \u00fclkedeki ki\u015fi ba\u015f\u0131na d\u00fc\u015fen elektrik enerjisi t\u00fcketimi ile \u00f6l\u00e7\u00fclmektedir.<br>D\u00fcnyada h\u0131zla artan n\u00fcfus ve bununla do\u011fru orant\u0131l\u0131 olarak geleneksel enerji kaynaklar\u0131n\u0131n h\u0131zla t\u00fckenmesi, bizleri mevcut enerji potansiyelini daha etkin bir \u015fekilde kullanmaya iterken di\u011fer taraftan da yeni yeni enerji kaynaklar\u0131 bulmaya zorlamaktad\u0131r. Geleneksel enerji kaynaklar\u0131n\u0131n d\u00fcnya \u00fczerindeki mevcut da\u011f\u0131l\u0131m\u0131 ve geli\u015fen \u00e7evrecilik anlay\u0131\u015f\u0131; g\u00fcne\u015f, r\u00fczgar ve su gibi yenilenebilir enerji kaynaklar\u0131 kullan\u0131m\u0131nda yeni teknolojiler geli\u015ftirerek bu kaynaklardan daha fazla yararlanmay\u0131 mecbur k\u0131lmaktad\u0131r.<\/p>\n\n\n\n<p>\u00dclkemiz ise geleneksel enerji kaynaklar\u0131 bak\u0131m\u0131ndan zay\u0131f olsa da, yenilenebilir enerji kaynaklar\u0131 a\u00e7\u0131s\u0131ndan \u015fansl\u0131 bir co\u011frafyada bulunmaktad\u0131r. Maalesef yer \u00fcst\u00fc ve yer alt\u0131 kaynaklar\u0131m\u0131z\u0131n k\u0131s\u0131tl\u0131 olmas\u0131 ve ya\u011f\u0131\u015f rejimindeki dengesizlikler sonucu; kaynaklar\u0131m\u0131z\u0131n elektrik \u00fcretiminde olduk\u00e7a dikkatli bir \u015fekilde kullan\u0131lmas\u0131n\u0131 gerekmektedir, ancak \u00f6zellikle r\u00fczgar ve g\u00fcne\u015f enerjisinden elektrik enerjisi \u00fcretimini ba\u015far\u0131l\u0131 bir \u015fekilde t\u00fcm yurtta ger\u00e7ekle\u015ftirmek m\u00fcmk\u00fcnd\u00fcr.<\/p>\n\n\n\n<p><br>Enerji ihtiyac\u0131 olarak \u201cdi\u011fer \u00fclkelere ba\u011f\u0131ml\u0131l\u0131ktan kurtulmak\u201d ve \u201cenerji arz g\u00fcvenli\u011fini sa\u011flamak\u201d ad\u0131na elektrik enerjisi \u00fcretiminde kullan\u0131lan kaynaklar\u0131 zenginle\u015ftirmekte gereklidir. Bizde enerjiveguvenlik ekibi olarak: \u201cEnerji nedir\u201d, \u201cenerji analizindeki bilimsel temelleri\u201d tan\u0131mak, enerji y\u00f6netiminin \u00f6nemini kavramak, \u201cenerji ekonomisi ve enerji tasarrufunu\u201d yayg\u0131nla\u015ft\u0131rmak, toplumda bireylerin \u201cbireysel enerji y\u00f6netimlerini belirlemesini\u201d sa\u011flamak, \u201celektrik enerjisinin \u00fcretimi, iletimi ve da\u011f\u0131t\u0131m\u0131\u201d konusunda fark\u0131ndal\u0131k yaratmak ve toplumun bilin\u00e7lenmesini sa\u011flayarak b\u00fcy\u00fck bir eksili\u011fi gidermede katk\u0131da bulunaca\u011f\u0131n\u0131 d\u00fc\u015f\u00fcnd\u00fc\u011f\u00fcm\u00fcz www.enerjiveguvenlik.com platformunu olu\u015fturmaya ba\u015flad\u0131k.<\/p>\n\n\n\n<p><br>G\u00fcvenlik olarak top yek\u00fcn ele ald\u0131\u011f\u0131m\u0131z g\u00fcvenlik konular\u0131 uygulamalar\u0131 ve \u00e7\u00f6z\u00fcmleri ile ba\u015fta \u201csiber g\u00fcvenlik\u201d, \u201cbilgi g\u00fcvenli\u011fi\u201d, \u201cki\u015fisel g\u00fcvenlik tedbirleri\u201d, \u201ci\u015f g\u00fcvenli\u011fi\u201d, \u201cfiziki g\u00fcvenlik politikalar\u0131\u201d ve \u201cpersonel g\u00fcvenli\u011fi\u201d konular\u0131nda; uygulanabilir ve \u00f6l\u00e7eklendirilebilir, politikalar ve uygulamalar sunmay\u0131 hedefliyoruz\u2026<\/p>\n\n\n\n<p><br>Enerji ve g\u00fcvenlik ailesi olarak iki ana ba\u015fl\u0131k ve bir yan ba\u015fl\u0131k konusu alt\u0131nda payla\u015f\u0131mlar\u0131m\u0131z\u0131 s\u00fcrd\u00fcrmekteyiz<\/p>\n\n\n\n<p><strong>Bunlar:<\/strong><\/p>\n\n\n\n<p><strong><em>1. Enerji<\/em><\/strong><br><strong><em>2. G\u00fcvenlik<\/em><\/strong>ba\u015fl\u0131klar\u0131 ve di\u011fer t\u00fcm konular\u0131 bunlar\u0131n bile\u015fimi olan ve \u00fclkemizde de giderek yayg\u0131nla\u015fan<br><strong><em>3. End\u00fcstri40 (End\u00fcstri 4.0)\u00a0<\/em><\/strong>, <strong><em>Yapay Zeka<\/em><\/strong> ba\u015fl\u0131klar\u0131d\u0131r<\/p>\n\n\n\n<p><em><br>E\u011fitimli birey, Bilgili toplum felsefesi ile ba\u015flad\u0131\u011f\u0131m\u0131z yay\u0131n hayat\u0131m\u0131z\u0131 sizlerin de katk\u0131lar\u0131 ile artan bir ivme ile toplumun faydas\u0131na sunmay\u0131 d\u00fc\u015f\u00fcn\u00fcyoruz.<\/em><\/p>\n\n\n\n<p>Katk\u0131da bulunaca\u011f\u0131n\u0131z\u0131 d\u00fc\u015f\u00fcn\u00fcyorsan\u0131z L\u00fctfen bizimle irtibata ge\u00e7iniz!<br>Sayg\u0131lar\u0131m\u0131zla\u2026.<\/p>\n\n\n\n<p><em>\u0130leti\u015fim: enerjiveguvenlik@<\/em>gmail.com<\/p>\n","protected":false},"excerpt":{"rendered":"<p>www.enerjiveguvenlik.com Ekibi Olarak : D\u00fcnyam\u0131zda h\u0131zla ya\u015fanan teknolojik geli\u015fmeler neticesinde enerji t\u00fcketimi de gittik\u00e7e artmaktad\u0131r. Biliyorsunuz ki bir \u00fclkenin geli\u015fmi\u015flik d\u00fczeyi, o \u00fclkedeki ki\u015fi ba\u015f\u0131na d\u00fc\u015fen elektrik enerjisi t\u00fcketimi ile \u00f6l\u00e7\u00fclmektedir.D\u00fcnyada h\u0131zla artan n\u00fcfus ve bununla do\u011fru orant\u0131l\u0131 olarak geleneksel enerji kaynaklar\u0131n\u0131n h\u0131zla t\u00fckenmesi, bizleri mevcut enerji potansiyelini daha etkin bir \u015fekilde kullanmaya iterken di\u011fer [&hellip;]<\/p>\n","protected":false},"author":1,"featured_media":0,"parent":0,"menu_order":0,"comment_status":"closed","ping_status":"closed","template":"","meta":{"footnotes":""},"class_list":["post-22","page","type-page","status-publish","hentry"],"_links":{"self":[{"href":"https:\/\/enerjiveguvenlik.com\/index.php?rest_route=\/wp\/v2\/pages\/22"}],"collection":[{"href":"https:\/\/enerjiveguvenlik.com\/index.php?rest_route=\/wp\/v2\/pages"}],"about":[{"href":"https:\/\/enerjiveguvenlik.com\/index.php?rest_route=\/wp\/v2\/types\/page"}],"author":[{"embeddable":true,"href":"https:\/\/enerjiveguvenlik.com\/index.php?rest_route=\/wp\/v2\/users\/1"}],"replies":[{"embeddable":true,"href":"https:\/\/enerjiveguvenlik.com\/index.php?rest_route=%2Fwp%2Fv2%2Fcomments&post=22"}],"version-history":[{"count":2,"href":"https:\/\/enerjiveguvenlik.com\/index.php?rest_route=\/wp\/v2\/pages\/22\/revisions"}],"predecessor-version":[{"id":28,"href":"https:\/\/enerjiveguvenlik.com\/index.php?rest_route=\/wp\/v2\/pages\/22\/revisions\/28"}],"wp:attachment":[{"href":"https:\/\/enerjiveguvenlik.com\/index.php?rest_route=%2Fwp%2Fv2%2Fmedia&parent=22"}],"curies":[{"name":"wp","href":"https:\/\/api.w.org\/{rel}","templated":true}]}}